{"id":12862,"date":"2024-09-21T19:24:23","date_gmt":"2024-09-21T19:24:23","guid":{"rendered":"https:\/\/shopbox.de\/?page_id=12862"},"modified":"2024-09-21T19:24:25","modified_gmt":"2024-09-21T19:24:25","slug":"impressum","status":"publish","type":"page","link":"https:\/\/shopbox.de\/de\/impressum\/","title":{"rendered":"Impressum"},"content":{"rendered":"\n<p>shopbox GmbH<br>Friedrich-List-Platz 1<br>04103 Leipzig<\/p>\n\n\n\n<p>Bei Fragen nutzen Sie bitte das <a href=\"https:\/\/shopbox.de\/de\/contact-form\/\" title=\"\">Kontaktformular<\/a><\/p>\n\n\n\n<p>Registergericht: Amtsgericht Leipzig | Registernummer: HRB 32700<\/p>\n\n\n\n<p>Gesch\u00e4ftsf\u00fchrer: Paul Komoszki<\/p>\n\n\n\n<p>Umsatzsteuer-Identifikationsnummer gem\u00e4\u00df \u00a7 27 a Umsatzsteuergesetz: DE285726029<\/p>\n\n\n\n<p>Verantwortlicher im Sinne von \u00a7 18 Abs. 2 MStV<\/p>\n\n\n\n<p>Paul Komoszki<br>c\/o shopbox GmbH<br>Friedrich-List-Platz 1<br>04103 Leipzig<\/p>\n\n\n\n<p>Plattform der EU-Kommission zur Online-Streitbeilegung:&nbsp;<a href=\"https:\/\/ec.europa.eu\/odr?ref=sellermag.de\" rel=\"noreferrer noopener\" target=\"_blank\">https:\/\/ec.europa.eu\/odr<\/a><\/p>\n\n\n\n<p>Wir sind zur Teilnahme an einem Streitbeilegungsverfahren vor einer Verbraucherschlichtungsstelle weder verpflichtet noch bereit.<\/p>\n","protected":false},"excerpt":{"rendered":"<p>shopbox GmbHFriedrich-List-Platz 104103 Leipzig Bei Fragen nutzen Sie bitte das Kontaktformular Registergericht: Amtsgericht Leipzig | Registernummer: HRB 32700 Gesch\u00e4ftsf\u00fchrer: Paul Komoszki Umsatzsteuer-Identifikationsnummer gem\u00e4\u00df \u00a7 27 a Umsatzsteuergesetz: DE285726029 Verantwortlicher im Sinne von \u00a7 18 Abs. 2 MStV Paul Komoszkic\/o shopbox GmbHFriedrich-List-Platz 104103 Leipzig Plattform der EU-Kommission zur Online-Streitbeilegung:&nbsp;https:\/\/ec.europa.eu\/odr Wir sind zur Teilnahme an einem Streitbeilegungsverfahren [&hellip;]<\/p>\n","protected":false},"author":1,"featured_media":0,"parent":0,"menu_order":0,"comment_status":"closed","ping_status":"closed","template":"","meta":{"_uag_custom_page_level_css":"","_monsterinsights_skip_tracking":false,"_monsterinsights_sitenote_active":false,"_monsterinsights_sitenote_note":"","_monsterinsights_sitenote_category":0,"site-sidebar-layout":"default","site-content-layout":"","ast-site-content-layout":"default","site-content-style":"default","site-sidebar-style":"default","ast-global-header-display":"","ast-banner-title-visibility":"","ast-main-header-display":"","ast-hfb-above-header-display":"","ast-hfb-below-header-display":"","ast-hfb-mobile-header-display":"","site-post-title":"","ast-breadcrumbs-content":"","ast-featured-img":"","footer-sml-layout":"","ast-disable-related-posts":"","theme-transparent-header-meta":"","adv-header-id-meta":"","stick-header-meta":"","header-above-stick-meta":"","header-main-stick-meta":"","header-below-stick-meta":"","astra-migrate-meta-layouts":"set","ast-page-background-enabled":"default","ast-page-background-meta":{"desktop":{"background-color":"var(--ast-global-color-5)","background-image":"","background-repeat":"repeat","background-position":"center center","background-size":"auto","background-attachment":"scroll","background-type":"","background-media":"","overlay-type":"","overlay-color":"","overlay-opacity":"","overlay-gradient":""},"tablet":{"background-color":"","background-image":"","background-repeat":"repeat","background-position":"center center","background-size":"auto","background-attachment":"scroll","background-type":"","background-media":"","overlay-type":"","overlay-color":"","overlay-opacity":"","overlay-gradient":""},"mobile":{"background-color":"","background-image":"","background-repeat":"repeat","background-position":"center center","background-size":"auto","background-attachment":"scroll","background-type":"","background-media":"","overlay-type":"","overlay-color":"","overlay-opacity":"","overlay-gradient":""}},"ast-content-background-meta":{"desktop":{"background-color":"var(--ast-global-color-4)","background-image":"","background-repeat":"repeat","background-position":"center center","background-size":"auto","background-attachment":"scroll","background-type":"","background-media":"","overlay-type":"","overlay-color":"","overlay-opacity":"","overlay-gradient":""},"tablet":{"background-color":"var(--ast-global-color-4)","background-image":"","background-repeat":"repeat","background-position":"center center","background-size":"auto","background-attachment":"scroll","background-type":"","background-media":"","overlay-type":"","overlay-color":"","overlay-opacity":"","overlay-gradient":""},"mobile":{"background-color":"var(--ast-global-color-4)","background-image":"","background-repeat":"repeat","background-position":"center center","background-size":"auto","background-attachment":"scroll","background-type":"","background-media":"","overlay-type":"","overlay-color":"","overlay-opacity":"","overlay-gradient":""}},"cybocfi_hide_featured_image":"","footnotes":""},"class_list":["post-12862","page","type-page","status-publish","hentry"],"uagb_featured_image_src":{"full":false,"thumbnail":false,"medium":false,"medium_large":false,"large":false,"1536x1536":false,"2048x2048":false,"cnvs-small":false,"cnvs-thumbnail":false,"lets-review-360-240":false,"pk-small":false,"pk-thumbnail":false},"uagb_author_info":{"display_name":"poelx","author_link":"https:\/\/shopbox.de\/de\/author\/poelx\/"},"uagb_comment_info":0,"uagb_excerpt":"shopbox GmbHFriedrich-List-Platz 104103 Leipzig Bei Fragen nutzen Sie bitte das Kontaktformular Registergericht: Amtsgericht Leipzig | Registernummer: HRB 32700 Gesch\u00e4ftsf\u00fchrer: Paul Komoszki Umsatzsteuer-Identifikationsnummer gem\u00e4\u00df \u00a7 27 a Umsatzsteuergesetz: DE285726029 Verantwortlicher im Sinne von \u00a7 18 Abs. 2 MStV Paul Komoszkic\/o shopbox GmbHFriedrich-List-Platz 104103 Leipzig Plattform der EU-Kommission zur Online-Streitbeilegung:&nbsp;https:\/\/ec.europa.eu\/odr Wir sind zur Teilnahme an einem Streitbeilegungsverfahren&hellip;","_links":{"self":[{"href":"https:\/\/shopbox.de\/de\/wp-json\/wp\/v2\/pages\/12862","targetHints":{"allow":["GET"]}}],"collection":[{"href":"https:\/\/shopbox.de\/de\/wp-json\/wp\/v2\/pages"}],"about":[{"href":"https:\/\/shopbox.de\/de\/wp-json\/wp\/v2\/types\/page"}],"author":[{"embeddable":true,"href":"https:\/\/shopbox.de\/de\/wp-json\/wp\/v2\/users\/1"}],"replies":[{"embeddable":true,"href":"https:\/\/shopbox.de\/de\/wp-json\/wp\/v2\/comments?post=12862"}],"version-history":[{"count":1,"href":"https:\/\/shopbox.de\/de\/wp-json\/wp\/v2\/pages\/12862\/revisions"}],"predecessor-version":[{"id":12863,"href":"https:\/\/shopbox.de\/de\/wp-json\/wp\/v2\/pages\/12862\/revisions\/12863"}],"wp:attachment":[{"href":"https:\/\/shopbox.de\/de\/wp-json\/wp\/v2\/media?parent=12862"}],"curies":[{"name":"wp","href":"https:\/\/api.w.org\/{rel}","templated":true}]}}