{"id":12918,"date":"2024-09-27T05:50:02","date_gmt":"2024-09-27T04:50:02","guid":{"rendered":"https:\/\/shopbox.de\/?page_id=12918"},"modified":"2024-09-27T09:12:05","modified_gmt":"2024-09-27T08:12:05","slug":"test","status":"publish","type":"page","link":"https:\/\/shopbox.de\/de\/","title":{"rendered":"Home"},"content":{"rendered":"\n<p><\/p>\n\n\n\n<div class=\"wp-block-uagb-container uagb-block-sfbizwcs alignfull uagb-is-root-container\"><div class=\"uagb-container__video-wrap\"><video autoplay loop muted playsinline><source src=\"https:\/\/shopbox.de\/wp-content\/uploads\/2024\/09\/AdobeStock_509019686.mov\" type=\"video\/mp4\"\/><\/video><\/div>\n<div class=\"wp-block-uagb-info-box uagb-block-b6frjhv3 uagb-infobox__content-wrap  uagb-infobox-icon-above-title uagb-infobox-image-valign-top\"><div class=\"uagb-ifb-content\"><div class=\"uagb-ifb-title-wrap\"><p class=\"uagb-ifb-title-prefix\"><strong>Ihr Partner f\u00fcr erfolgreichen<\/strong><\/p><h1 id=\"multichannel-e-commerce\" class=\"uagb-ifb-title\"><strong>Multichannel E-Commerce<\/strong><\/h1><\/div><p class=\"uagb-ifb-desc\">Markenaufbau * Vertrieb * Lizenzierung * Compliance-Dienstleistungen<\/p><\/div><\/div>\n<\/div>\n\n\n\n<p><\/p>\n\n\n\n<p><br>Gegr\u00fcndet im Jahr 2012, ist die shopbox GmbH ein aufstrebendes Multichannel-E-Commerce-Unternehmen mit einem klaren Fokus auf den europ\u00e4ischen Markt und das Direct-to-Consumer (D2C)-Modell. Beheimatet im sch\u00f6nen Leipzig, vertreiben wir stolz mehrere unserer eigenen Marken, darunter <strong>Rabenburg\u00ae<\/strong>, <strong>Panzertape\u00ae<\/strong>, <strong>Komogrino\u00ae<\/strong>, <strong>Cableman\u00ae<\/strong> und <strong>Paulini\u00ae<\/strong>.<\/p>\n\n\n\n<p><br><\/p>\n\n\n\n<p>Neben dem Aufbau unserer eigenen Marken bieten wir umfassende Dienstleistungen im Bereich Marktplatzmanagement und -Vertrieb f\u00fcr unsere Partner, darunter renommierte Marken wie <strong>Drehmeister\u00ae<\/strong>, <strong>Campko\u00ae<\/strong> und <strong>V-Lube\u00ae<\/strong>.<\/p>\n\n\n\n<p><br><\/p>\n\n\n\n<p>Wenn Sie ein leistungsstarker Hersteller sind und Interesse an einer Expansion in den EU-Markt haben, bieten wir Ihnen auch Lizenzierungsmodelle f\u00fcr unsere etablierten Marken an oder unterst\u00fctzen Sie beim Aufbau und Wachstum Ihrer eigenen Marke in Europa.<\/p>\n\n\n\n<p><br><\/p>\n\n\n\n<p>Dar\u00fcber hinaus bieten wir Dienstleistungen zur Einhaltung der Extended Producer Responsibility (EPR)-Vorschriften, darunter die Funktion als EU-Vertreter, GPSR (General Product Safety Regulation)-Konformit\u00e4t und Verpackungslizenzierungen.<\/p>\n\n\n\n<p><br><\/p>\n\n\n\n<p>Wenn Sie an einer Zusammenarbeit interessiert sind, kontaktieren Sie uns gerne.<\/p>\n\n\n\n<p><br><\/p>\n\n\n\n<p>Die shopbox GmbH steht f\u00fcr Qualit\u00e4t, Effizienz und eine starke Marktpr\u00e4senz \u2013 sowohl f\u00fcr unsere eigenen Marken als auch f\u00fcr die Distribution unserer Partner.<\/p>\n\n\n\n<p><\/p>\n\n\n\n<p><\/p>\n","protected":false},"excerpt":{"rendered":"<p>Gegr\u00fcndet im Jahr 2012, ist die shopbox GmbH ein aufstrebendes Multichannel-E-Commerce-Unternehmen mit einem klaren Fokus auf den europ\u00e4ischen Markt und das Direct-to-Consumer (D2C)-Modell. Beheimatet im sch\u00f6nen Leipzig, vertreiben wir stolz mehrere unserer eigenen Marken, darunter Rabenburg\u00ae, Panzertape\u00ae, Komogrino\u00ae, Cableman\u00ae und Paulini\u00ae. Neben dem Aufbau unserer eigenen Marken bieten wir umfassende Dienstleistungen im Bereich Marktplatzmanagement und [&hellip;]<\/p>\n","protected":false},"author":1,"featured_media":0,"parent":0,"menu_order":0,"comment_status":"closed","ping_status":"closed","template":"","meta":{"_uag_custom_page_level_css":"","_monsterinsights_skip_tracking":false,"_monsterinsights_sitenote_active":false,"_monsterinsights_sitenote_note":"","_monsterinsights_sitenote_category":0,"site-sidebar-layout":"default","site-content-layout":"","ast-site-content-layout":"default","site-content-style":"default","site-sidebar-style":"default","ast-global-header-display":"","ast-banner-title-visibility":"","ast-main-header-display":"","ast-hfb-above-header-display":"","ast-hfb-below-header-display":"","ast-hfb-mobile-header-display":"","site-post-title":"disabled","ast-breadcrumbs-content":"","ast-featured-img":"","footer-sml-layout":"","ast-disable-related-posts":"","theme-transparent-header-meta":"","adv-header-id-meta":"","stick-header-meta":"","header-above-stick-meta":"","header-main-stick-meta":"","header-below-stick-meta":"","astra-migrate-meta-layouts":"set","ast-page-background-enabled":"default","ast-page-background-meta":{"desktop":{"background-color":"var(--ast-global-color-5)","background-image":"","background-repeat":"repeat","background-position":"center center","background-size":"auto","background-attachment":"scroll","background-type":"","background-media":"","overlay-type":"","overlay-color":"","overlay-opacity":"","overlay-gradient":""},"tablet":{"background-color":"","background-image":"","background-repeat":"repeat","background-position":"center center","background-size":"auto","background-attachment":"scroll","background-type":"","background-media":"","overlay-type":"","overlay-color":"","overlay-opacity":"","overlay-gradient":""},"mobile":{"background-color":"","background-image":"","background-repeat":"repeat","background-position":"center center","background-size":"auto","background-attachment":"scroll","background-type":"","background-media":"","overlay-type":"","overlay-color":"","overlay-opacity":"","overlay-gradient":""}},"ast-content-background-meta":{"desktop":{"background-color":"var(--ast-global-color-4)","background-image":"","background-repeat":"repeat","background-position":"center center","background-size":"auto","background-attachment":"scroll","background-type":"","background-media":"","overlay-type":"","overlay-color":"","overlay-opacity":"","overlay-gradient":""},"tablet":{"background-color":"var(--ast-global-color-4)","background-image":"","background-repeat":"repeat","background-position":"center center","background-size":"auto","background-attachment":"scroll","background-type":"","background-media":"","overlay-type":"","overlay-color":"","overlay-opacity":"","overlay-gradient":""},"mobile":{"background-color":"var(--ast-global-color-4)","background-image":"","background-repeat":"repeat","background-position":"center center","background-size":"auto","background-attachment":"scroll","background-type":"","background-media":"","overlay-type":"","overlay-color":"","overlay-opacity":"","overlay-gradient":""}},"cybocfi_hide_featured_image":"","footnotes":""},"class_list":["post-12918","page","type-page","status-publish","hentry"],"uagb_featured_image_src":{"full":false,"thumbnail":false,"medium":false,"medium_large":false,"large":false,"1536x1536":false,"2048x2048":false,"cnvs-small":false,"cnvs-thumbnail":false,"lets-review-360-240":false,"pk-small":false,"pk-thumbnail":false},"uagb_author_info":{"display_name":"poelx","author_link":"https:\/\/shopbox.de\/de\/author\/poelx\/"},"uagb_comment_info":0,"uagb_excerpt":"Gegr\u00fcndet im Jahr 2012, ist die shopbox GmbH ein aufstrebendes Multichannel-E-Commerce-Unternehmen mit einem klaren Fokus auf den europ\u00e4ischen Markt und das Direct-to-Consumer (D2C)-Modell. Beheimatet im sch\u00f6nen Leipzig, vertreiben wir stolz mehrere unserer eigenen Marken, darunter Rabenburg\u00ae, Panzertape\u00ae, Komogrino\u00ae, Cableman\u00ae und Paulini\u00ae. Neben dem Aufbau unserer eigenen Marken bieten wir umfassende Dienstleistungen im Bereich Marktplatzmanagement und&hellip;","_links":{"self":[{"href":"https:\/\/shopbox.de\/de\/wp-json\/wp\/v2\/pages\/12918","targetHints":{"allow":["GET"]}}],"collection":[{"href":"https:\/\/shopbox.de\/de\/wp-json\/wp\/v2\/pages"}],"about":[{"href":"https:\/\/shopbox.de\/de\/wp-json\/wp\/v2\/types\/page"}],"author":[{"embeddable":true,"href":"https:\/\/shopbox.de\/de\/wp-json\/wp\/v2\/users\/1"}],"replies":[{"embeddable":true,"href":"https:\/\/shopbox.de\/de\/wp-json\/wp\/v2\/comments?post=12918"}],"version-history":[{"count":17,"href":"https:\/\/shopbox.de\/de\/wp-json\/wp\/v2\/pages\/12918\/revisions"}],"predecessor-version":[{"id":13017,"href":"https:\/\/shopbox.de\/de\/wp-json\/wp\/v2\/pages\/12918\/revisions\/13017"}],"wp:attachment":[{"href":"https:\/\/shopbox.de\/de\/wp-json\/wp\/v2\/media?parent=12918"}],"curies":[{"name":"wp","href":"https:\/\/api.w.org\/{rel}","templated":true}]}}